{"id":2641,"date":"2025-11-12T21:09:02","date_gmt":"2025-11-12T21:09:02","guid":{"rendered":"https:\/\/lovelegrand.com\/?page_id=2641"},"modified":"2025-11-14T17:03:34","modified_gmt":"2025-11-14T17:03:34","slug":"lets-work-together","status":"publish","type":"page","link":"https:\/\/lovelegrand.com\/en\/lets-work-together\/","title":{"rendered":"Let&#8217;s work together"},"content":{"rendered":"<section class=\"wpb-content-wrapper\">[mk_page_section bg_image=&#8221;https:\/\/lovelegrand.com\/wp-content\/uploads\/2025\/11\/travaillons_en.jpg&#8221; bg_position=&#8221;center center&#8221; bg_repeat=&#8221;no-repeat&#8221; adaptive_height=&#8221;true&#8221; max_height=&#8221;800&#8243; padding_top=&#8221;0&#8243; padding_bottom=&#8221;0&#8243; animation=&#8221;fade-in&#8221; el_class=&#8221;entete main-entete&#8221; sidebar=&#8221;sidebar-1&#8243;][vc_column][\/vc_column][\/mk_page_section][vc_row fullwidth=&#8221;true&#8221; fullwidth_content=&#8221;false&#8221; el_class=&#8221;row-content&#8221;][vc_column][vc_column_text el_class=&#8221;texte&#8221; css=&#8221;.vc_custom_1762981532527{margin-bottom: 0px !important;}&#8221;]\n<h2>Making <span style=\"color: #63b67f;\">fresh <\/span>the heart<br \/>\nof every product<\/h2>\n[\/vc_column_text][vc_row_inner][vc_column_inner width=&#8221;1\/2&#8243;][vc_column_text el_class=&#8221;texte&#8221; css=&#8221;.vc_custom_1762981545625{margin-bottom: 0px !important;}&#8221;]At LeGrand, we specialize in crafting fresh food products \u2014 from pestos and sauces to soups, dressings, salsas and plant-based options \u2014 with a commitment to clean ingredients and culinary integrity.<\/p>\n<p>We combine meticulous sourcing, rigorous quality control, and industry best practices to ensure every product meets the highest standards. Our dedicated team offers hands-on support throughout the process, from ideation to production.[\/vc_column_text][\/vc_column_inner][vc_column_inner width=&#8221;1\/2&#8243; css=&#8221;.vc_custom_1632763771814{padding-right: 0px !important;}&#8221;][vc_column_text el_class=&#8221;texte&#8221; css=&#8221;.vc_custom_1762981562660{margin-bottom: 0px !important;}&#8221;]Whether you&#8217;re looking to develop a unique recipe or scale an existing one, we focus on innovation through custom process development and flexible manufacturing solutions.<\/p>\n<p><strong><span style=\"color: #e69fc5;\">LeGrand is your trusted partner in delivering real, fresh food at scale.<\/span><\/strong>[\/vc_column_text][\/vc_column_inner][\/vc_row_inner][\/vc_column][\/vc_row][vc_row fullwidth=&#8221;true&#8221; fullwidth_content=&#8221;false&#8221; css=&#8221;.vc_custom_1632766423993{background-color: #00ce7c !important;}&#8221; el_class=&#8221;row-content overflow-visible&#8221;][vc_column][vc_row_inner][vc_column_inner width=&#8221;1\/2&#8243;][vc_column_text animation=&#8221;left-to-right&#8221; css=&#8221;.vc_custom_1762976676825{margin-bottom: 0px !important;}&#8221;]<img loading=\"lazy\" decoding=\"async\" class=\"alignnone size-full wp-image-2613\" src=\"https:\/\/lovelegrand.com\/wp-content\/uploads\/2025\/11\/feuilles-1.jpg\" alt=\"\" width=\"1024\" height=\"942\" srcset=\"https:\/\/lovelegrand.com\/wp-content\/uploads\/2025\/11\/feuilles-1.jpg 1024w, https:\/\/lovelegrand.com\/wp-content\/uploads\/2025\/11\/feuilles-1-300x276.jpg 300w, https:\/\/lovelegrand.com\/wp-content\/uploads\/2025\/11\/feuilles-1-768x707.jpg 768w\" sizes=\"auto, (max-width: 1024px) 100vw, 1024px\" \/>[\/vc_column_text][\/vc_column_inner][vc_column_inner width=&#8221;1\/2&#8243;][vc_column_text animation=&#8221;right-to-left&#8221; css=&#8221;.vc_custom_1762976685811{margin-bottom: 0px !important;}&#8221;]<img loading=\"lazy\" decoding=\"async\" class=\"alignnone size-full wp-image-2611\" src=\"https:\/\/lovelegrand.com\/wp-content\/uploads\/2025\/11\/boites-1.jpg\" alt=\"\" width=\"1024\" height=\"942\" srcset=\"https:\/\/lovelegrand.com\/wp-content\/uploads\/2025\/11\/boites-1.jpg 1024w, https:\/\/lovelegrand.com\/wp-content\/uploads\/2025\/11\/boites-1-300x276.jpg 300w, https:\/\/lovelegrand.com\/wp-content\/uploads\/2025\/11\/boites-1-768x707.jpg 768w\" sizes=\"auto, (max-width: 1024px) 100vw, 1024px\" \/>[\/vc_column_text][\/vc_column_inner][\/vc_row_inner][mk_padding_divider size=&#8221;60&#8243; visibility=&#8221;hidden-dt&#8221;][mk_padding_divider size=&#8221;120&#8243; visibility=&#8221;hidden-sm&#8221;][vc_row_inner][vc_column_inner width=&#8221;1\/3&#8243;][vc_single_image image=&#8221;2631&#8243; img_size=&#8221;full&#8221; css_animation=&#8221;slideInLeft&#8221; el_class=&#8221;mobile-center&#8221;][\/vc_column_inner][vc_column_inner width=&#8221;2\/3&#8243;][mk_padding_divider size=&#8221;20&#8243; visibility=&#8221;hidden-sm&#8221;][vc_column_text el_class=&#8221;mobile-center&#8221; css=&#8221;.vc_custom_1762981592954{margin-bottom: 0px !important;}&#8221;]\n<h2>CO-PACKING : WE BUILT THE FACILITY WE COULDN\u2019T FIND<\/h2>\n<p>When we searched for a co-packer who could meet our standards, none existed &#8211; so we built our own. Today, we offer full-service manufacturing designed around quality, flexibility, and trust.<\/p>\n<p>You bring the specifications, recipes and packing requirements. We take care of the rest : production, packaging, and even logistics when needed. This partnership model allows you to focus on growing your brand while we ensure your product is made to the highest standards.<\/p>\n<p>With specialized production lines, high-shear mixers, skilled operators, and a reliable supply chain built over 25 years, we deliver top-tier manufacturing that scales with your business.[\/vc_column_text][mk_padding_divider][mk_button dimension=&#8221;flat&#8221; size=&#8221;large&#8221; url=&#8221;\/en\/our-capabilities\/&#8221; bg_color=&#8221;#e69fc5&#8243; btn_hover_bg=&#8221;#ffffff&#8221; btn_hover_txt_color=&#8221;#e69fc5&#8243;]Learn more[\/mk_button][\/vc_column_inner][\/vc_row_inner][\/vc_column][\/vc_row][vc_row fullwidth=&#8221;true&#8221; fullwidth_content=&#8221;false&#8221; el_class=&#8221;row-content overflow-visible&#8221;][vc_column][vc_row_inner el_class=&#8221;reverse-mobile&#8221;][vc_column_inner width=&#8221;2\/3&#8243;][vc_column_text el_class=&#8221;mobile-center&#8221; css=&#8221;.vc_custom_1763139811285{margin-bottom: 0px !important;}&#8221;]\n<h2>PRIVATE LABEL MADE SIMPLE<\/h2>\n<p>We make it easy for you to launch or expand your product line with our private-label solutions. Whether you\u2019re a retailer, distributor or brand looking to grow, we provide ready-to-market products that you can confidently put your name on.<\/p>\n<p>Our team manages the entire process &#8211; from recipe development and ingredient sourcing to packaging and production &#8211; so you can focus on building your brand.<\/p>\n<p>Partner with us to bring premium, private-label products to market quickly and efficiently.<\/p>\n<p>Let\u2019s create fresh together.[\/vc_column_text][mk_padding_divider][mk_button dimension=&#8221;flat&#8221; size=&#8221;large&#8221; url=&#8221;\/en\/contact-us\/&#8221; bg_color=&#8221;#63b67f&#8221; btn_hover_bg=&#8221;#e69fc5&#8243; btn_hover_txt_color=&#8221;#ffffff&#8221;]Contact us![\/mk_button][\/vc_column_inner][vc_column_inner width=&#8221;1\/3&#8243;][vc_single_image image=&#8221;2629&#8243; img_size=&#8221;full&#8221; alignment=&#8221;right&#8221; css_animation=&#8221;slideInRight&#8221; el_class=&#8221;mobile-center&#8221;][\/vc_column_inner][\/vc_row_inner][\/vc_column][\/vc_row]\n<\/section>","protected":false},"excerpt":{"rendered":"<p>[mk_page_section bg_image=&#8221;https:\/\/lovelegrand.com\/wp-content\/uploads\/2025\/11\/travaillons_en.jpg&#8221; bg_position=&#8221;center center&#8221; bg_repeat=&#8221;no-repeat&#8221; adaptive_height=&#8221;true&#8221; max_height=&#8221;800&#8243; padding_top=&#8221;0&#8243; padding_bottom=&#8221;0&#8243; animation=&#8221;fade-in&#8221; el_class=&#8221;entete main-entete&#8221; sidebar=&#8221;sidebar-1&#8243;][vc_column][\/vc_column][\/mk_page_section][vc_row fullwidth=&#8221;true&#8221; fullwidth_content=&#8221;false&#8221; el_class=&#8221;row-content&#8221;][vc_column][vc_column_text el_class=&#8221;texte&#8221; css=&#8221;.vc_custom_1762981532527{margin-bottom: 0px !important;}&#8221;] [&hellip;]<\/p>\n","protected":false},"author":3,"featured_media":0,"parent":0,"menu_order":7,"comment_status":"closed","ping_status":"closed","template":"","meta":{"_acf_changed":false,"wpupg_custom_link":[],"wpupg_custom_link_behaviour":["default"],"wpupg_custom_link_nofollow":["default"],"wpupg_custom_image":[],"wpupg_custom_image_id":[],"footnotes":""},"class_list":["post-2641","page","type-page","status-publish","hentry"],"acf":[],"yoast_head":"<!-- This site is optimized with the Yoast SEO plugin v27.4 - https:\/\/yoast.com\/product\/yoast-seo-wordpress\/ -->\n<title>LeGrand | Let&#039;s work together<\/title>\n<meta name=\"description\" content=\"LeGrand vous entra\u00eene dans un monde de saveurs all\u00e9chantes gr\u00e2ce \u00e0 des produits de qualit\u00e9, \u00e0 base de plantes, si bons que m\u00eame les non-v\u00e9ganes en raffolent\u00a0!\" \/>\n<meta name=\"robots\" content=\"index, follow, max-snippet:-1, max-image-preview:large, max-video-preview:-1\" \/>\n<link rel=\"canonical\" href=\"https:\/\/lovelegrand.com\/en\/lets-work-together\/\" \/>\n<meta property=\"og:locale\" content=\"en_US\" \/>\n<meta property=\"og:type\" content=\"article\" \/>\n<meta property=\"og:title\" content=\"LeGrand | Let&#039;s work together\" \/>\n<meta property=\"og:description\" content=\"LeGrand vous entra\u00eene dans un monde de saveurs all\u00e9chantes gr\u00e2ce \u00e0 des produits de qualit\u00e9, \u00e0 base de plantes, si bons que m\u00eame les non-v\u00e9ganes en raffolent\u00a0!\" \/>\n<meta property=\"og:url\" content=\"https:\/\/lovelegrand.com\/en\/lets-work-together\/\" \/>\n<meta property=\"og:site_name\" content=\"LeGrand\" \/>\n<meta property=\"article:modified_time\" content=\"2025-11-14T17:03:34+00:00\" \/>\n<meta property=\"og:image\" content=\"https:\/\/lovelegrand.com\/wp-content\/uploads\/2025\/11\/feuilles-1.jpg\" \/>\n\t<meta property=\"og:image:width\" content=\"1024\" \/>\n\t<meta property=\"og:image:height\" content=\"942\" \/>\n\t<meta property=\"og:image:type\" content=\"image\/jpeg\" \/>\n<meta name=\"twitter:card\" content=\"summary_large_image\" \/>\n<meta name=\"twitter:label1\" content=\"Est. reading time\" \/>\n\t<meta name=\"twitter:data1\" content=\"3 minutes\" \/>\n<script type=\"application\/ld+json\" class=\"yoast-schema-graph\">{\"@context\":\"https:\\\/\\\/schema.org\",\"@graph\":[{\"@type\":\"WebPage\",\"@id\":\"https:\\\/\\\/lovelegrand.com\\\/en\\\/lets-work-together\\\/\",\"url\":\"https:\\\/\\\/lovelegrand.com\\\/en\\\/lets-work-together\\\/\",\"name\":\"LeGrand | Let's work together\",\"isPartOf\":{\"@id\":\"https:\\\/\\\/lovelegrand.com\\\/#website\"},\"primaryImageOfPage\":{\"@id\":\"https:\\\/\\\/lovelegrand.com\\\/en\\\/lets-work-together\\\/#primaryimage\"},\"image\":{\"@id\":\"https:\\\/\\\/lovelegrand.com\\\/en\\\/lets-work-together\\\/#primaryimage\"},\"thumbnailUrl\":\"https:\\\/\\\/lovelegrand.com\\\/wp-content\\\/uploads\\\/2025\\\/11\\\/feuilles-1.jpg\",\"datePublished\":\"2025-11-12T21:09:02+00:00\",\"dateModified\":\"2025-11-14T17:03:34+00:00\",\"description\":\"LeGrand vous entra\u00eene dans un monde de saveurs all\u00e9chantes gr\u00e2ce \u00e0 des produits de qualit\u00e9, \u00e0 base de plantes, si bons que m\u00eame les non-v\u00e9ganes en raffolent\u00a0!\",\"breadcrumb\":{\"@id\":\"https:\\\/\\\/lovelegrand.com\\\/en\\\/lets-work-together\\\/#breadcrumb\"},\"inLanguage\":\"en-US\",\"potentialAction\":[{\"@type\":\"ReadAction\",\"target\":[\"https:\\\/\\\/lovelegrand.com\\\/en\\\/lets-work-together\\\/\"]}]},{\"@type\":\"ImageObject\",\"inLanguage\":\"en-US\",\"@id\":\"https:\\\/\\\/lovelegrand.com\\\/en\\\/lets-work-together\\\/#primaryimage\",\"url\":\"https:\\\/\\\/lovelegrand.com\\\/wp-content\\\/uploads\\\/2025\\\/11\\\/feuilles-1.jpg\",\"contentUrl\":\"https:\\\/\\\/lovelegrand.com\\\/wp-content\\\/uploads\\\/2025\\\/11\\\/feuilles-1.jpg\"},{\"@type\":\"BreadcrumbList\",\"@id\":\"https:\\\/\\\/lovelegrand.com\\\/en\\\/lets-work-together\\\/#breadcrumb\",\"itemListElement\":[{\"@type\":\"ListItem\",\"position\":1,\"name\":\"Home\",\"item\":\"https:\\\/\\\/lovelegrand.com\\\/en\\\/\"},{\"@type\":\"ListItem\",\"position\":2,\"name\":\"Let&rsquo;s work together\"}]},{\"@type\":\"WebSite\",\"@id\":\"https:\\\/\\\/lovelegrand.com\\\/#website\",\"url\":\"https:\\\/\\\/lovelegrand.com\\\/\",\"name\":\"LeGrand\",\"description\":\"\",\"potentialAction\":[{\"@type\":\"SearchAction\",\"target\":{\"@type\":\"EntryPoint\",\"urlTemplate\":\"https:\\\/\\\/lovelegrand.com\\\/?s={search_term_string}\"},\"query-input\":{\"@type\":\"PropertyValueSpecification\",\"valueRequired\":true,\"valueName\":\"search_term_string\"}}],\"inLanguage\":\"en-US\"}]}<\/script>\n<!-- \/ Yoast SEO plugin. -->","yoast_head_json":{"title":"LeGrand | Let's work together","description":"LeGrand vous entra\u00eene dans un monde de saveurs all\u00e9chantes gr\u00e2ce \u00e0 des produits de qualit\u00e9, \u00e0 base de plantes, si bons que m\u00eame les non-v\u00e9ganes en raffolent\u00a0!","robots":{"index":"index","follow":"follow","max-snippet":"max-snippet:-1","max-image-preview":"max-image-preview:large","max-video-preview":"max-video-preview:-1"},"canonical":"https:\/\/lovelegrand.com\/en\/lets-work-together\/","og_locale":"en_US","og_type":"article","og_title":"LeGrand | Let's work together","og_description":"LeGrand vous entra\u00eene dans un monde de saveurs all\u00e9chantes gr\u00e2ce \u00e0 des produits de qualit\u00e9, \u00e0 base de plantes, si bons que m\u00eame les non-v\u00e9ganes en raffolent\u00a0!","og_url":"https:\/\/lovelegrand.com\/en\/lets-work-together\/","og_site_name":"LeGrand","article_modified_time":"2025-11-14T17:03:34+00:00","og_image":[{"width":1024,"height":942,"url":"https:\/\/lovelegrand.com\/wp-content\/uploads\/2025\/11\/feuilles-1.jpg","type":"image\/jpeg"}],"twitter_card":"summary_large_image","twitter_misc":{"Est. reading time":"3 minutes"},"schema":{"@context":"https:\/\/schema.org","@graph":[{"@type":"WebPage","@id":"https:\/\/lovelegrand.com\/en\/lets-work-together\/","url":"https:\/\/lovelegrand.com\/en\/lets-work-together\/","name":"LeGrand | Let's work together","isPartOf":{"@id":"https:\/\/lovelegrand.com\/#website"},"primaryImageOfPage":{"@id":"https:\/\/lovelegrand.com\/en\/lets-work-together\/#primaryimage"},"image":{"@id":"https:\/\/lovelegrand.com\/en\/lets-work-together\/#primaryimage"},"thumbnailUrl":"https:\/\/lovelegrand.com\/wp-content\/uploads\/2025\/11\/feuilles-1.jpg","datePublished":"2025-11-12T21:09:02+00:00","dateModified":"2025-11-14T17:03:34+00:00","description":"LeGrand vous entra\u00eene dans un monde de saveurs all\u00e9chantes gr\u00e2ce \u00e0 des produits de qualit\u00e9, \u00e0 base de plantes, si bons que m\u00eame les non-v\u00e9ganes en raffolent\u00a0!","breadcrumb":{"@id":"https:\/\/lovelegrand.com\/en\/lets-work-together\/#breadcrumb"},"inLanguage":"en-US","potentialAction":[{"@type":"ReadAction","target":["https:\/\/lovelegrand.com\/en\/lets-work-together\/"]}]},{"@type":"ImageObject","inLanguage":"en-US","@id":"https:\/\/lovelegrand.com\/en\/lets-work-together\/#primaryimage","url":"https:\/\/lovelegrand.com\/wp-content\/uploads\/2025\/11\/feuilles-1.jpg","contentUrl":"https:\/\/lovelegrand.com\/wp-content\/uploads\/2025\/11\/feuilles-1.jpg"},{"@type":"BreadcrumbList","@id":"https:\/\/lovelegrand.com\/en\/lets-work-together\/#breadcrumb","itemListElement":[{"@type":"ListItem","position":1,"name":"Home","item":"https:\/\/lovelegrand.com\/en\/"},{"@type":"ListItem","position":2,"name":"Let&rsquo;s work together"}]},{"@type":"WebSite","@id":"https:\/\/lovelegrand.com\/#website","url":"https:\/\/lovelegrand.com\/","name":"LeGrand","description":"","potentialAction":[{"@type":"SearchAction","target":{"@type":"EntryPoint","urlTemplate":"https:\/\/lovelegrand.com\/?s={search_term_string}"},"query-input":{"@type":"PropertyValueSpecification","valueRequired":true,"valueName":"search_term_string"}}],"inLanguage":"en-US"}]}},"_links":{"self":[{"href":"https:\/\/lovelegrand.com\/en\/wp-json\/wp\/v2\/pages\/2641","targetHints":{"allow":["GET"]}}],"collection":[{"href":"https:\/\/lovelegrand.com\/en\/wp-json\/wp\/v2\/pages"}],"about":[{"href":"https:\/\/lovelegrand.com\/en\/wp-json\/wp\/v2\/types\/page"}],"author":[{"embeddable":true,"href":"https:\/\/lovelegrand.com\/en\/wp-json\/wp\/v2\/users\/3"}],"replies":[{"embeddable":true,"href":"https:\/\/lovelegrand.com\/en\/wp-json\/wp\/v2\/comments?post=2641"}],"version-history":[{"count":3,"href":"https:\/\/lovelegrand.com\/en\/wp-json\/wp\/v2\/pages\/2641\/revisions"}],"predecessor-version":[{"id":2681,"href":"https:\/\/lovelegrand.com\/en\/wp-json\/wp\/v2\/pages\/2641\/revisions\/2681"}],"wp:attachment":[{"href":"https:\/\/lovelegrand.com\/en\/wp-json\/wp\/v2\/media?parent=2641"}],"curies":[{"name":"wp","href":"https:\/\/api.w.org\/{rel}","templated":true}]}}