{"id":2591,"date":"2025-11-12T21:07:16","date_gmt":"2025-11-12T21:07:16","guid":{"rendered":"https:\/\/lovelegrand.com\/?page_id=2591"},"modified":"2025-11-14T17:03:55","modified_gmt":"2025-11-14T17:03:55","slug":"our-capabilities","status":"publish","type":"page","link":"https:\/\/lovelegrand.com\/en\/our-capabilities\/","title":{"rendered":"Our capabilities"},"content":{"rendered":"<section class=\"wpb-content-wrapper\">[mk_page_section bg_image=&#8221;https:\/\/lovelegrand.com\/wp-content\/uploads\/2025\/11\/nos_aptitudes_en.jpg&#8221; bg_position=&#8221;center center&#8221; bg_repeat=&#8221;no-repeat&#8221; adaptive_height=&#8221;true&#8221; max_height=&#8221;800&#8243; padding_top=&#8221;0&#8243; padding_bottom=&#8221;0&#8243; animation=&#8221;fade-in&#8221; el_class=&#8221;entete main-entete&#8221; sidebar=&#8221;sidebar-1&#8243;][vc_column][\/vc_column][\/mk_page_section][vc_row fullwidth=&#8221;true&#8221; fullwidth_content=&#8221;false&#8221; el_class=&#8221;row-content overflow-visible&#8221;][vc_column][vc_row_inner el_class=&#8221;reverse-mobile&#8221;][vc_column_inner width=&#8221;2\/3&#8243;][vc_column_text el_class=&#8221;mobile-center&#8221; css=&#8221;.vc_custom_1762981789615{margin-bottom: 0px !important;}&#8221;]\n<h2 style=\"color: #63b67f; margin-bottom: 0;\">BATCH HEATING PROCESS<\/h2>\n<h4><span style=\"font-family: 'Montserrat'; color: #63b67f;\">TUB LINE<\/span><\/h4>\n[\/vc_column_text][mk_padding_divider][vc_column_text el_class=&#8221;mobile-center&#8221; css=&#8221;.vc_custom_1762981794859{margin-bottom: 0px !important;}&#8221;]Our batch heating system ensures precise temperature control and consistent product quality, ideal for soups, sauces, and spreads.[\/vc_column_text][\/vc_column_inner][vc_column_inner width=&#8221;1\/3&#8243;][vc_single_image image=&#8221;2649&#8243; img_size=&#8221;full&#8221; alignment=&#8221;right&#8221; css_animation=&#8221;slideInRight&#8221; el_class=&#8221;mobile-center&#8221;][\/vc_column_inner][\/vc_row_inner][\/vc_column][\/vc_row][vc_row fullwidth=&#8221;true&#8221; fullwidth_content=&#8221;false&#8221; css=&#8221;.vc_custom_1632766423993{background-color: #00ce7c !important;}&#8221; el_class=&#8221;row-content overflow-visible&#8221;][vc_column][vc_row_inner][vc_column_inner width=&#8221;1\/3&#8243;][vc_single_image image=&#8221;2653&#8243; img_size=&#8221;full&#8221; css_animation=&#8221;slideInLeft&#8221; el_class=&#8221;mobile-center&#8221;][\/vc_column_inner][vc_column_inner width=&#8221;2\/3&#8243;][mk_padding_divider size=&#8221;20&#8243; visibility=&#8221;hidden-sm&#8221;][vc_column_text el_class=&#8221;mobile-center&#8221; css=&#8221;.vc_custom_1762981825437{margin-bottom: 0px !important;}&#8221;]\n<h2><span style=\"color: #ffffff;\">POUCH LINE<\/span><\/h2>\n<p><span style=\"color: #ffffff;\">Our pouch line is designed to preserve freshness, texture, and flavor \u2014 ideal for fresh pestos, spreads, dips, and tzatziki sauces.<\/span>[\/vc_column_text][mk_padding_divider][\/vc_column_inner][\/vc_row_inner][\/vc_column][\/vc_row][vc_row fullwidth=&#8221;true&#8221; fullwidth_content=&#8221;false&#8221; el_class=&#8221;row-content overflow-visible&#8221;][vc_column][vc_row_inner el_class=&#8221;reverse-mobile&#8221;][vc_column_inner width=&#8221;2\/3&#8243;][vc_column_text el_class=&#8221;mobile-center&#8221; css=&#8221;.vc_custom_1763139833952{margin-bottom: 0px !important;}&#8221;]\n<h2>FERMENTATION ROOM<\/h2>\n<p>Designed for precision and consistency, our fermentation room \u2014 perfected through 7 years of proprietary development \u2014 is ideal for plant-based dairy, butters, yogurts, and cheeses.<\/p>\n<p>Any questions?[\/vc_column_text][mk_padding_divider][mk_button dimension=&#8221;flat&#8221; size=&#8221;large&#8221; url=&#8221;\/en\/contact-us\/&#8221; bg_color=&#8221;#e69fc5&#8243; btn_hover_bg=&#8221;#63b67f&#8221; btn_hover_txt_color=&#8221;#ffffff&#8221;]Contact us![\/mk_button][\/vc_column_inner][vc_column_inner width=&#8221;1\/3&#8243;][vc_single_image image=&#8221;2656&#8243; img_size=&#8221;full&#8221; alignment=&#8221;right&#8221; css_animation=&#8221;slideInRight&#8221; el_class=&#8221;mobile-center&#8221;][\/vc_column_inner][\/vc_row_inner][\/vc_column][\/vc_row]\n<\/section>","protected":false},"excerpt":{"rendered":"<p>[mk_page_section bg_image=&#8221;https:\/\/lovelegrand.com\/wp-content\/uploads\/2025\/11\/nos_aptitudes_en.jpg&#8221; bg_position=&#8221;center center&#8221; bg_repeat=&#8221;no-repeat&#8221; adaptive_height=&#8221;true&#8221; max_height=&#8221;800&#8243; padding_top=&#8221;0&#8243; padding_bottom=&#8221;0&#8243; animation=&#8221;fade-in&#8221; el_class=&#8221;entete main-entete&#8221; sidebar=&#8221;sidebar-1&#8243;][vc_column][\/vc_column][\/mk_page_section][vc_row fullwidth=&#8221;true&#8221; fullwidth_content=&#8221;false&#8221; el_class=&#8221;row-content overflow-visible&#8221;][vc_column][vc_row_inner el_class=&#8221;reverse-mobile&#8221;][vc_column_inner width=&#8221;2\/3&#8243;][vc_column_text el_class=&#8221;mobile-center&#8221; [&hellip;]<\/p>\n","protected":false},"author":3,"featured_media":0,"parent":0,"menu_order":7,"comment_status":"closed","ping_status":"closed","template":"","meta":{"_acf_changed":false,"wpupg_custom_link":[],"wpupg_custom_link_behaviour":["default"],"wpupg_custom_link_nofollow":["default"],"wpupg_custom_image":[],"wpupg_custom_image_id":[],"footnotes":""},"class_list":["post-2591","page","type-page","status-publish","hentry"],"acf":[],"yoast_head":"<!-- This site is optimized with the Yoast SEO plugin v27.4 - https:\/\/yoast.com\/product\/yoast-seo-wordpress\/ -->\n<title>LeGrand | Our capabilities<\/title>\n<meta name=\"description\" content=\"LeGrand vous entra\u00eene dans un monde de saveurs all\u00e9chantes gr\u00e2ce \u00e0 des produits de qualit\u00e9, \u00e0 base de plantes, si bons que m\u00eame les non-v\u00e9ganes en raffolent\u00a0!\" \/>\n<meta name=\"robots\" content=\"index, follow, max-snippet:-1, max-image-preview:large, max-video-preview:-1\" \/>\n<link rel=\"canonical\" href=\"https:\/\/lovelegrand.com\/en\/our-capabilities\/\" \/>\n<meta property=\"og:locale\" content=\"en_US\" \/>\n<meta property=\"og:type\" content=\"article\" \/>\n<meta property=\"og:title\" content=\"LeGrand | Our capabilities\" \/>\n<meta property=\"og:description\" content=\"LeGrand vous entra\u00eene dans un monde de saveurs all\u00e9chantes gr\u00e2ce \u00e0 des produits de qualit\u00e9, \u00e0 base de plantes, si bons que m\u00eame les non-v\u00e9ganes en raffolent\u00a0!\" \/>\n<meta property=\"og:url\" content=\"https:\/\/lovelegrand.com\/en\/our-capabilities\/\" \/>\n<meta property=\"og:site_name\" content=\"LeGrand\" \/>\n<meta property=\"article:modified_time\" content=\"2025-11-14T17:03:55+00:00\" \/>\n<meta name=\"twitter:card\" content=\"summary_large_image\" \/>\n<meta name=\"twitter:label1\" content=\"Est. reading time\" \/>\n\t<meta name=\"twitter:data1\" content=\"1 minute\" \/>\n<script type=\"application\/ld+json\" class=\"yoast-schema-graph\">{\"@context\":\"https:\\\/\\\/schema.org\",\"@graph\":[{\"@type\":\"WebPage\",\"@id\":\"https:\\\/\\\/lovelegrand.com\\\/en\\\/our-capabilities\\\/\",\"url\":\"https:\\\/\\\/lovelegrand.com\\\/en\\\/our-capabilities\\\/\",\"name\":\"LeGrand | Our capabilities\",\"isPartOf\":{\"@id\":\"https:\\\/\\\/lovelegrand.com\\\/#website\"},\"datePublished\":\"2025-11-12T21:07:16+00:00\",\"dateModified\":\"2025-11-14T17:03:55+00:00\",\"description\":\"LeGrand vous entra\u00eene dans un monde de saveurs all\u00e9chantes gr\u00e2ce \u00e0 des produits de qualit\u00e9, \u00e0 base de plantes, si bons que m\u00eame les non-v\u00e9ganes en raffolent\u00a0!\",\"breadcrumb\":{\"@id\":\"https:\\\/\\\/lovelegrand.com\\\/en\\\/our-capabilities\\\/#breadcrumb\"},\"inLanguage\":\"en-US\",\"potentialAction\":[{\"@type\":\"ReadAction\",\"target\":[\"https:\\\/\\\/lovelegrand.com\\\/en\\\/our-capabilities\\\/\"]}]},{\"@type\":\"BreadcrumbList\",\"@id\":\"https:\\\/\\\/lovelegrand.com\\\/en\\\/our-capabilities\\\/#breadcrumb\",\"itemListElement\":[{\"@type\":\"ListItem\",\"position\":1,\"name\":\"Home\",\"item\":\"https:\\\/\\\/lovelegrand.com\\\/en\\\/\"},{\"@type\":\"ListItem\",\"position\":2,\"name\":\"Our capabilities\"}]},{\"@type\":\"WebSite\",\"@id\":\"https:\\\/\\\/lovelegrand.com\\\/#website\",\"url\":\"https:\\\/\\\/lovelegrand.com\\\/\",\"name\":\"LeGrand\",\"description\":\"\",\"potentialAction\":[{\"@type\":\"SearchAction\",\"target\":{\"@type\":\"EntryPoint\",\"urlTemplate\":\"https:\\\/\\\/lovelegrand.com\\\/?s={search_term_string}\"},\"query-input\":{\"@type\":\"PropertyValueSpecification\",\"valueRequired\":true,\"valueName\":\"search_term_string\"}}],\"inLanguage\":\"en-US\"}]}<\/script>\n<!-- \/ Yoast SEO plugin. -->","yoast_head_json":{"title":"LeGrand | Our capabilities","description":"LeGrand vous entra\u00eene dans un monde de saveurs all\u00e9chantes gr\u00e2ce \u00e0 des produits de qualit\u00e9, \u00e0 base de plantes, si bons que m\u00eame les non-v\u00e9ganes en raffolent\u00a0!","robots":{"index":"index","follow":"follow","max-snippet":"max-snippet:-1","max-image-preview":"max-image-preview:large","max-video-preview":"max-video-preview:-1"},"canonical":"https:\/\/lovelegrand.com\/en\/our-capabilities\/","og_locale":"en_US","og_type":"article","og_title":"LeGrand | Our capabilities","og_description":"LeGrand vous entra\u00eene dans un monde de saveurs all\u00e9chantes gr\u00e2ce \u00e0 des produits de qualit\u00e9, \u00e0 base de plantes, si bons que m\u00eame les non-v\u00e9ganes en raffolent\u00a0!","og_url":"https:\/\/lovelegrand.com\/en\/our-capabilities\/","og_site_name":"LeGrand","article_modified_time":"2025-11-14T17:03:55+00:00","twitter_card":"summary_large_image","twitter_misc":{"Est. reading time":"1 minute"},"schema":{"@context":"https:\/\/schema.org","@graph":[{"@type":"WebPage","@id":"https:\/\/lovelegrand.com\/en\/our-capabilities\/","url":"https:\/\/lovelegrand.com\/en\/our-capabilities\/","name":"LeGrand | Our capabilities","isPartOf":{"@id":"https:\/\/lovelegrand.com\/#website"},"datePublished":"2025-11-12T21:07:16+00:00","dateModified":"2025-11-14T17:03:55+00:00","description":"LeGrand vous entra\u00eene dans un monde de saveurs all\u00e9chantes gr\u00e2ce \u00e0 des produits de qualit\u00e9, \u00e0 base de plantes, si bons que m\u00eame les non-v\u00e9ganes en raffolent\u00a0!","breadcrumb":{"@id":"https:\/\/lovelegrand.com\/en\/our-capabilities\/#breadcrumb"},"inLanguage":"en-US","potentialAction":[{"@type":"ReadAction","target":["https:\/\/lovelegrand.com\/en\/our-capabilities\/"]}]},{"@type":"BreadcrumbList","@id":"https:\/\/lovelegrand.com\/en\/our-capabilities\/#breadcrumb","itemListElement":[{"@type":"ListItem","position":1,"name":"Home","item":"https:\/\/lovelegrand.com\/en\/"},{"@type":"ListItem","position":2,"name":"Our capabilities"}]},{"@type":"WebSite","@id":"https:\/\/lovelegrand.com\/#website","url":"https:\/\/lovelegrand.com\/","name":"LeGrand","description":"","potentialAction":[{"@type":"SearchAction","target":{"@type":"EntryPoint","urlTemplate":"https:\/\/lovelegrand.com\/?s={search_term_string}"},"query-input":{"@type":"PropertyValueSpecification","valueRequired":true,"valueName":"search_term_string"}}],"inLanguage":"en-US"}]}},"_links":{"self":[{"href":"https:\/\/lovelegrand.com\/en\/wp-json\/wp\/v2\/pages\/2591","targetHints":{"allow":["GET"]}}],"collection":[{"href":"https:\/\/lovelegrand.com\/en\/wp-json\/wp\/v2\/pages"}],"about":[{"href":"https:\/\/lovelegrand.com\/en\/wp-json\/wp\/v2\/types\/page"}],"author":[{"embeddable":true,"href":"https:\/\/lovelegrand.com\/en\/wp-json\/wp\/v2\/users\/3"}],"replies":[{"embeddable":true,"href":"https:\/\/lovelegrand.com\/en\/wp-json\/wp\/v2\/comments?post=2591"}],"version-history":[{"count":5,"href":"https:\/\/lovelegrand.com\/en\/wp-json\/wp\/v2\/pages\/2591\/revisions"}],"predecessor-version":[{"id":2682,"href":"https:\/\/lovelegrand.com\/en\/wp-json\/wp\/v2\/pages\/2591\/revisions\/2682"}],"wp:attachment":[{"href":"https:\/\/lovelegrand.com\/en\/wp-json\/wp\/v2\/media?parent=2591"}],"curies":[{"name":"wp","href":"https:\/\/api.w.org\/{rel}","templated":true}]}}